{"id":766,"date":"2024-04-18T09:40:45","date_gmt":"2024-04-18T07:40:45","guid":{"rendered":"https:\/\/privat.kits.comdeva.se\/?post_type=product&#038;p=766"},"modified":"2025-12-29T12:22:24","modified_gmt":"2025-12-29T11:22:24","slug":"sandladesand","status":"publish","type":"product","link":"https:\/\/kitsrecycling.se\/privat\/produkt\/sandladesand\/","title":{"rendered":"Sandl\u00e5desand 0\/2"},"content":{"rendered":"","protected":false},"excerpt":{"rendered":"<p>H\u00f6gkvalitativa sandl\u00e5desand, som \u00e4r skr\u00e4ddarsydd f\u00f6r att f\u00f6rvandla varje sandl\u00e5da till en \u00e4ventyrlig lekplats. Med sin fina kornstruktur och noggrant torkade egenskaper, \u00e4r v\u00e5r sandl\u00e5desand noga testad f\u00f6r att s\u00e4kerst\u00e4lla att den \u00e4r s\u00e4ker f\u00f6r barn att leka med.<\/p>\n<p>Sanden \u00e4r en naturlig produkt med egenskaper f\u00f6r m\u00e5nga timmars lek. Med v\u00e5r sandl\u00e5desand kan barnen b\u00f6rja leka s\u00e5 fort du tippat &#8211; inget kr\u00e5ngel, bara ren lekgl\u00e4dje!<\/p>\n","protected":false},"featured_media":773,"template":"","meta":{"_acf_changed":false},"product_brand":[],"product_cat":[22],"product_tag":[],"class_list":{"0":"post-766","1":"product","2":"type-product","3":"status-publish","4":"has-post-thumbnail","6":"product_cat-sand","7":"tm-has-options","9":"first","10":"instock","11":"shipping-taxable","12":"purchasable","13":"product-type-simple"},"acf":[],"_links":{"self":[{"href":"https:\/\/kitsrecycling.se\/privat\/wp-json\/wp\/v2\/product\/766","targetHints":{"allow":["GET"]}}],"collection":[{"href":"https:\/\/kitsrecycling.se\/privat\/wp-json\/wp\/v2\/product"}],"about":[{"href":"https:\/\/kitsrecycling.se\/privat\/wp-json\/wp\/v2\/types\/product"}],"wp:featuredmedia":[{"embeddable":true,"href":"https:\/\/kitsrecycling.se\/privat\/wp-json\/wp\/v2\/media\/773"}],"wp:attachment":[{"href":"https:\/\/kitsrecycling.se\/privat\/wp-json\/wp\/v2\/media?parent=766"}],"wp:term":[{"taxonomy":"product_brand","embeddable":true,"href":"https:\/\/kitsrecycling.se\/privat\/wp-json\/wp\/v2\/product_brand?post=766"},{"taxonomy":"product_cat","embeddable":true,"href":"https:\/\/kitsrecycling.se\/privat\/wp-json\/wp\/v2\/product_cat?post=766"},{"taxonomy":"product_tag","embeddable":true,"href":"https:\/\/kitsrecycling.se\/privat\/wp-json\/wp\/v2\/product_tag?post=766"}],"curies":[{"name":"wp","href":"https:\/\/api.w.org\/{rel}","templated":true}]}}