{"id":759,"date":"2024-04-18T09:32:09","date_gmt":"2024-04-18T07:32:09","guid":{"rendered":"https:\/\/privat.kits.comdeva.se\/?post_type=product&#038;p=759"},"modified":"2025-12-29T12:23:13","modified_gmt":"2025-12-29T11:23:13","slug":"rorgrav","status":"publish","type":"product","link":"https:\/\/kitsrecycling.se\/privat\/produkt\/rorgrav\/","title":{"rendered":"R\u00f6rgrav 0\/8 Natur"},"content":{"rendered":"","protected":false},"excerpt":{"rendered":"<p>Optimera din r\u00f6rinstallation med hj\u00e4lp av v\u00e5rt r\u00f6rgravsgrus! Med hj\u00e4lp av detta kvalitetsgrus kan du s\u00e4kerst\u00e4lla att botten i ditt dike blir j\u00e4mnt utj\u00e4mnat, vilket skapar de perfekta f\u00f6ruts\u00e4ttningarna f\u00f6r att f\u00e5 r\u00e4tt lutning p\u00e5 dina r\u00f6r. V\u00e5r r\u00f6rgrav finns tillg\u00e4ngligt i s\u00e4ck, sl\u00e4p eller per ton, vilket g\u00f6r det enkelt f\u00f6r dig att best\u00e4lla precis den m\u00e4ngd du beh\u00f6ver f\u00f6r ditt projekt.<\/p>\n","protected":false},"featured_media":765,"template":"","meta":{"_acf_changed":false},"product_brand":[],"product_cat":[22],"product_tag":[],"class_list":{"0":"post-759","1":"product","2":"type-product","3":"status-publish","4":"has-post-thumbnail","6":"product_cat-sand","7":"tm-has-options","9":"first","10":"instock","11":"shipping-taxable","12":"purchasable","13":"product-type-simple"},"acf":[],"_links":{"self":[{"href":"https:\/\/kitsrecycling.se\/privat\/wp-json\/wp\/v2\/product\/759","targetHints":{"allow":["GET"]}}],"collection":[{"href":"https:\/\/kitsrecycling.se\/privat\/wp-json\/wp\/v2\/product"}],"about":[{"href":"https:\/\/kitsrecycling.se\/privat\/wp-json\/wp\/v2\/types\/product"}],"wp:featuredmedia":[{"embeddable":true,"href":"https:\/\/kitsrecycling.se\/privat\/wp-json\/wp\/v2\/media\/765"}],"wp:attachment":[{"href":"https:\/\/kitsrecycling.se\/privat\/wp-json\/wp\/v2\/media?parent=759"}],"wp:term":[{"taxonomy":"product_brand","embeddable":true,"href":"https:\/\/kitsrecycling.se\/privat\/wp-json\/wp\/v2\/product_brand?post=759"},{"taxonomy":"product_cat","embeddable":true,"href":"https:\/\/kitsrecycling.se\/privat\/wp-json\/wp\/v2\/product_cat?post=759"},{"taxonomy":"product_tag","embeddable":true,"href":"https:\/\/kitsrecycling.se\/privat\/wp-json\/wp\/v2\/product_tag?post=759"}],"curies":[{"name":"wp","href":"https:\/\/api.w.org\/{rel}","templated":true}]}}