{"id":740,"date":"2024-04-18T09:05:35","date_gmt":"2024-04-18T07:05:35","guid":{"rendered":"https:\/\/privat.kits.comdeva.se\/?post_type=product&#038;p=740"},"modified":"2026-02-24T15:39:55","modified_gmt":"2026-02-24T14:39:55","slug":"makadam","status":"publish","type":"product","link":"https:\/\/kitsrecycling.se\/privat\/produkt\/makadam\/","title":{"rendered":"Makadam"},"content":{"rendered":"","protected":false},"excerpt":{"rendered":"<p>Makadam \u00e4r ett popul\u00e4rt val n\u00e4r det kommer till dekorationssten f\u00f6r olika \u00e4ndam\u00e5l s\u00e5som grusg\u00e5ngar, parkeringsytor och omr\u00e5den runt huset. Vi erbjuder en m\u00e5ngfald av fraktioner och storlekar f\u00f6r att passa dina specifika behov och projekt. Med makadam fr\u00e5n oss kan du skapa en stilfull och funktionell yta som inte bara f\u00f6rh\u00f6jer estetiken utan ocks\u00e5 ger h\u00e5llbarhet och l\u00e5ngvarig prestanda.<\/p>\n<p>Passar bra till r\u00f6rl\u00e4ggning, anl\u00e4ggning av avlopp, grusg\u00e5ngar m.m.<\/p>\n","protected":false},"featured_media":745,"template":"","meta":{"_acf_changed":false},"product_brand":[],"product_cat":[21],"product_tag":[],"class_list":{"0":"post-740","1":"product","2":"type-product","3":"status-publish","4":"has-post-thumbnail","6":"product_cat-grus-och-kross","7":"tm-has-options","9":"first","10":"instock","11":"shipping-taxable","12":"purchasable","13":"product-type-simple"},"acf":[],"_links":{"self":[{"href":"https:\/\/kitsrecycling.se\/privat\/wp-json\/wp\/v2\/product\/740","targetHints":{"allow":["GET"]}}],"collection":[{"href":"https:\/\/kitsrecycling.se\/privat\/wp-json\/wp\/v2\/product"}],"about":[{"href":"https:\/\/kitsrecycling.se\/privat\/wp-json\/wp\/v2\/types\/product"}],"wp:featuredmedia":[{"embeddable":true,"href":"https:\/\/kitsrecycling.se\/privat\/wp-json\/wp\/v2\/media\/745"}],"wp:attachment":[{"href":"https:\/\/kitsrecycling.se\/privat\/wp-json\/wp\/v2\/media?parent=740"}],"wp:term":[{"taxonomy":"product_brand","embeddable":true,"href":"https:\/\/kitsrecycling.se\/privat\/wp-json\/wp\/v2\/product_brand?post=740"},{"taxonomy":"product_cat","embeddable":true,"href":"https:\/\/kitsrecycling.se\/privat\/wp-json\/wp\/v2\/product_cat?post=740"},{"taxonomy":"product_tag","embeddable":true,"href":"https:\/\/kitsrecycling.se\/privat\/wp-json\/wp\/v2\/product_tag?post=740"}],"curies":[{"name":"wp","href":"https:\/\/api.w.org\/{rel}","templated":true}]}}