{"id":737,"date":"2024-04-18T08:32:30","date_gmt":"2024-04-18T06:32:30","guid":{"rendered":"https:\/\/privat.kits.comdeva.se\/?post_type=product&#038;p=737"},"modified":"2026-02-24T14:40:00","modified_gmt":"2026-02-24T13:40:00","slug":"gardsgrus","status":"publish","type":"product","link":"https:\/\/kitsrecycling.se\/privat\/produkt\/gardsgrus\/","title":{"rendered":"G\u00e5rdsgrus"},"content":{"rendered":"","protected":false},"excerpt":{"rendered":"<p><span dir=\"ltr\" role=\"presentation\">G\u00e5rdsgrus \u00e4r tillverkat av r\u00f6daktigt natursingel. Oftast anv\u00e4nds det som dekorationssten f\u00f6r g\u00e5ngar och uppfarter. Materialet s\u00e4ljs per ton, s\u00e4ck eller per k\u00e4rra och du kan h\u00e4mta det direkt fr\u00e5n v\u00e5r \u00e5tervinningscentral i Enk\u00f6ping eller boka en hemleverans. <\/span><\/p>\n<p>Om du hellre vill ha gr\u00e5tt grus kan du v\u00e4lja <a href=\"https:\/\/kitsrecycling.se\/privat\/produkt\/makadam\/\">makadam<\/a> 8\/11 eller <a href=\"https:\/\/kitsrecycling.se\/privat\/produkt\/makadam\/\">makadam<\/a> 8\/16.<\/p>\n","protected":false},"featured_media":738,"template":"","meta":{"_acf_changed":false},"product_brand":[],"product_cat":[21],"product_tag":[],"class_list":{"0":"post-737","1":"product","2":"type-product","3":"status-publish","4":"has-post-thumbnail","6":"product_cat-grus-och-kross","7":"tm-has-options","9":"first","10":"instock","11":"shipping-taxable","12":"purchasable","13":"product-type-simple"},"acf":[],"_links":{"self":[{"href":"https:\/\/kitsrecycling.se\/privat\/wp-json\/wp\/v2\/product\/737","targetHints":{"allow":["GET"]}}],"collection":[{"href":"https:\/\/kitsrecycling.se\/privat\/wp-json\/wp\/v2\/product"}],"about":[{"href":"https:\/\/kitsrecycling.se\/privat\/wp-json\/wp\/v2\/types\/product"}],"wp:featuredmedia":[{"embeddable":true,"href":"https:\/\/kitsrecycling.se\/privat\/wp-json\/wp\/v2\/media\/738"}],"wp:attachment":[{"href":"https:\/\/kitsrecycling.se\/privat\/wp-json\/wp\/v2\/media?parent=737"}],"wp:term":[{"taxonomy":"product_brand","embeddable":true,"href":"https:\/\/kitsrecycling.se\/privat\/wp-json\/wp\/v2\/product_brand?post=737"},{"taxonomy":"product_cat","embeddable":true,"href":"https:\/\/kitsrecycling.se\/privat\/wp-json\/wp\/v2\/product_cat?post=737"},{"taxonomy":"product_tag","embeddable":true,"href":"https:\/\/kitsrecycling.se\/privat\/wp-json\/wp\/v2\/product_tag?post=737"}],"curies":[{"name":"wp","href":"https:\/\/api.w.org\/{rel}","templated":true}]}}