{"id":676,"date":"2024-04-17T16:55:55","date_gmt":"2024-04-17T14:55:55","guid":{"rendered":"https:\/\/privat.kits.comdeva.se\/?post_type=product&#038;p=676"},"modified":"2026-02-24T15:31:17","modified_gmt":"2026-02-24T14:31:17","slug":"bergkross","status":"publish","type":"product","link":"https:\/\/kitsrecycling.se\/privat\/produkt\/bergkross\/","title":{"rendered":"Bergkross \u00c5V"},"content":{"rendered":"","protected":false},"excerpt":{"rendered":"<p>Bergkross s\u00e4ljs per ton, sl\u00e4p eller per s\u00e4ck i 6 fraktioner fr\u00e5n slitlager till f\u00f6rst\u00e4rkningslager. \u00c5tervunna stabila b\u00e4r- och slitlager f\u00f6r alla projekt.<\/p>\n<p>&nbsp;<\/p>\n<p>&nbsp;<\/p>\n<p>&nbsp;<\/p>\n","protected":false},"featured_media":728,"template":"","meta":{"_acf_changed":false},"product_brand":[],"product_cat":[21],"product_tag":[],"class_list":{"0":"post-676","1":"product","2":"type-product","3":"status-publish","4":"has-post-thumbnail","6":"product_cat-grus-och-kross","7":"tm-has-options","9":"first","10":"instock","11":"shipping-taxable","12":"purchasable","13":"product-type-simple"},"acf":[],"_links":{"self":[{"href":"https:\/\/kitsrecycling.se\/privat\/wp-json\/wp\/v2\/product\/676","targetHints":{"allow":["GET"]}}],"collection":[{"href":"https:\/\/kitsrecycling.se\/privat\/wp-json\/wp\/v2\/product"}],"about":[{"href":"https:\/\/kitsrecycling.se\/privat\/wp-json\/wp\/v2\/types\/product"}],"wp:featuredmedia":[{"embeddable":true,"href":"https:\/\/kitsrecycling.se\/privat\/wp-json\/wp\/v2\/media\/728"}],"wp:attachment":[{"href":"https:\/\/kitsrecycling.se\/privat\/wp-json\/wp\/v2\/media?parent=676"}],"wp:term":[{"taxonomy":"product_brand","embeddable":true,"href":"https:\/\/kitsrecycling.se\/privat\/wp-json\/wp\/v2\/product_brand?post=676"},{"taxonomy":"product_cat","embeddable":true,"href":"https:\/\/kitsrecycling.se\/privat\/wp-json\/wp\/v2\/product_cat?post=676"},{"taxonomy":"product_tag","embeddable":true,"href":"https:\/\/kitsrecycling.se\/privat\/wp-json\/wp\/v2\/product_tag?post=676"}],"curies":[{"name":"wp","href":"https:\/\/api.w.org\/{rel}","templated":true}]}}