{"id":436,"date":"2024-04-16T13:14:31","date_gmt":"2024-04-16T11:14:31","guid":{"rendered":"https:\/\/privat.kits.comdeva.se\/?post_type=product&#038;p=436"},"modified":"2025-12-29T12:24:03","modified_gmt":"2025-12-29T11:24:03","slug":"tackbark","status":"publish","type":"product","link":"https:\/\/kitsrecycling.se\/privat\/produkt\/tackbark\/","title":{"rendered":"T\u00e4ckbark"},"content":{"rendered":"","protected":false},"excerpt":{"rendered":"<p>T\u00e4ckbark \u00e4r ett naturligt skyddslager i rabatterna som minskar m\u00e4ngden ogr\u00e4s som rotar sig samt skyddar tr\u00e4d och v\u00e4xters r\u00f6tter fr\u00e5n tj\u00e4le. Det \u00e4r perfekt att anv\u00e4nda i alla typer av rabatter men framf\u00f6rallt perenner och rosenbuskar gillar ett extra lager p\u00e5 jorden \u00e5ret runt.<\/p>\n<p>Beg\u00e4r en offert som specificerar hur mycket t\u00e4ckbark som du \u00f6nskar s\u00e5 \u00e5terkommer vi med ett prisf\u00f6rslag.<\/p>\n","protected":false},"featured_media":614,"template":"","meta":{"_acf_changed":false},"product_brand":[],"product_cat":[19],"product_tag":[],"class_list":{"0":"post-436","1":"product","2":"type-product","3":"status-publish","4":"has-post-thumbnail","6":"product_cat-jord","7":"tm-has-options","9":"first","10":"instock","11":"shipping-taxable","12":"purchasable","13":"product-type-simple"},"acf":[],"_links":{"self":[{"href":"https:\/\/kitsrecycling.se\/privat\/wp-json\/wp\/v2\/product\/436","targetHints":{"allow":["GET"]}}],"collection":[{"href":"https:\/\/kitsrecycling.se\/privat\/wp-json\/wp\/v2\/product"}],"about":[{"href":"https:\/\/kitsrecycling.se\/privat\/wp-json\/wp\/v2\/types\/product"}],"wp:featuredmedia":[{"embeddable":true,"href":"https:\/\/kitsrecycling.se\/privat\/wp-json\/wp\/v2\/media\/614"}],"wp:attachment":[{"href":"https:\/\/kitsrecycling.se\/privat\/wp-json\/wp\/v2\/media?parent=436"}],"wp:term":[{"taxonomy":"product_brand","embeddable":true,"href":"https:\/\/kitsrecycling.se\/privat\/wp-json\/wp\/v2\/product_brand?post=436"},{"taxonomy":"product_cat","embeddable":true,"href":"https:\/\/kitsrecycling.se\/privat\/wp-json\/wp\/v2\/product_cat?post=436"},{"taxonomy":"product_tag","embeddable":true,"href":"https:\/\/kitsrecycling.se\/privat\/wp-json\/wp\/v2\/product_tag?post=436"}],"curies":[{"name":"wp","href":"https:\/\/api.w.org\/{rel}","templated":true}]}}