{"id":413,"date":"2024-04-16T10:50:36","date_gmt":"2024-04-16T08:50:36","guid":{"rendered":"https:\/\/privat.kits.comdeva.se\/?post_type=product&#038;p=413"},"modified":"2025-12-29T12:08:45","modified_gmt":"2025-12-29T11:08:45","slug":"grasmattejord-anlaggningsjord","status":"publish","type":"product","link":"https:\/\/kitsrecycling.se\/privat\/produkt\/grasmattejord-anlaggningsjord\/","title":{"rendered":"Gr\u00e4smattejord \/ Anl\u00e4ggningsjord"},"content":{"rendered":"","protected":false},"excerpt":{"rendered":"<p>Att skapa f\u00f6r\u00e4ndringar p\u00e5 tomten kr\u00e4ver ofta en p\u00e5litlig grund, och d\u00e4r kommer gr\u00e4smattejord eller anl\u00e4ggningsjord in i bilden. Denna noggrant s\u00e5llade och j\u00e4mnt strukturerade jord \u00e4r det optimala valet vid anl\u00e4ggning av nya ytor. Dess stabila sammans\u00e4ttning \u00e4r utformad f\u00f6r att beh\u00e5lla formen och motst\u00e5 nedbrytning \u00f6ver tid.<\/p>\n<p>Oavsett om det \u00e4r f\u00f6r att l\u00e4gga rullgr\u00e4s eller s\u00e5 gr\u00e4sfr\u00f6, \u00e4r detta material en p\u00e5litlig partner f\u00f6r att skapa gr\u00f6nska p\u00e5 tomten.<\/p>\n<p><a href=\"https:\/\/kitsrecycling.se\/privat\/wp-content\/uploads\/sites\/3\/2025\/05\/Produktblad-Grasmattejord-Kits-Recycling-1.pdf\">Ladda ner produktblad<\/a><\/p>\n","protected":false},"featured_media":422,"template":"","meta":{"_acf_changed":false},"product_brand":[],"product_cat":[19],"product_tag":[],"class_list":{"0":"post-413","1":"product","2":"type-product","3":"status-publish","4":"has-post-thumbnail","6":"product_cat-jord","7":"tm-has-options","9":"first","10":"instock","11":"shipping-taxable","12":"purchasable","13":"product-type-simple"},"acf":[],"_links":{"self":[{"href":"https:\/\/kitsrecycling.se\/privat\/wp-json\/wp\/v2\/product\/413","targetHints":{"allow":["GET"]}}],"collection":[{"href":"https:\/\/kitsrecycling.se\/privat\/wp-json\/wp\/v2\/product"}],"about":[{"href":"https:\/\/kitsrecycling.se\/privat\/wp-json\/wp\/v2\/types\/product"}],"wp:featuredmedia":[{"embeddable":true,"href":"https:\/\/kitsrecycling.se\/privat\/wp-json\/wp\/v2\/media\/422"}],"wp:attachment":[{"href":"https:\/\/kitsrecycling.se\/privat\/wp-json\/wp\/v2\/media?parent=413"}],"wp:term":[{"taxonomy":"product_brand","embeddable":true,"href":"https:\/\/kitsrecycling.se\/privat\/wp-json\/wp\/v2\/product_brand?post=413"},{"taxonomy":"product_cat","embeddable":true,"href":"https:\/\/kitsrecycling.se\/privat\/wp-json\/wp\/v2\/product_cat?post=413"},{"taxonomy":"product_tag","embeddable":true,"href":"https:\/\/kitsrecycling.se\/privat\/wp-json\/wp\/v2\/product_tag?post=413"}],"curies":[{"name":"wp","href":"https:\/\/api.w.org\/{rel}","templated":true}]}}