{"id":3599,"date":"2025-06-25T15:32:14","date_gmt":"2025-06-25T13:32:14","guid":{"rendered":"https:\/\/kitsrecycling.se\/privat\/?post_type=product&#038;p=3599"},"modified":"2025-12-29T12:20:31","modified_gmt":"2025-12-29T11:20:31","slug":"dressand","status":"publish","type":"product","link":"https:\/\/kitsrecycling.se\/privat\/produkt\/dressand\/","title":{"rendered":"Dressand"},"content":{"rendered":"<p>Dressand \u00e4r en finkornig jord blandad med sand med god genomsl\u00e4pplighet och j\u00e4mn kornstorlek, framtagen f\u00f6r anv\u00e4ndning vid dressning av gr\u00e4smattor, jordf\u00f6rb\u00e4ttring och som basmaterial vid olika markarbeten. Tack vare sin struktur \u00e4r dressand idealisk f\u00f6r att f\u00f6rb\u00e4ttra dr\u00e4nering, j\u00e4mna ut oj\u00e4mnheter och skapa en fast men genomsl\u00e4pplig yta.<\/p>\n","protected":false},"excerpt":{"rendered":"<p>Dressand \u00e4r en finkornig jord blandad med sand med god genomsl\u00e4pplighet och j\u00e4mn kornstorlek, framtagen f\u00f6r anv\u00e4ndning vid dressning av gr\u00e4smattor, jordf\u00f6rb\u00e4ttring och som basmaterial vid olika markarbeten. Tack vare sin struktur \u00e4r dressand idealisk f\u00f6r att f\u00f6rb\u00e4ttra dr\u00e4nering, j\u00e4mna ut oj\u00e4mnheter och skapa en fast men genomsl\u00e4pplig yta.<\/p>\n","protected":false},"featured_media":773,"template":"","meta":{"_acf_changed":false},"product_brand":[],"product_cat":[22],"product_tag":[],"class_list":{"0":"post-3599","1":"product","2":"type-product","3":"status-publish","4":"has-post-thumbnail","6":"product_cat-sand","7":"tm-has-options","9":"first","10":"instock","11":"shipping-taxable","12":"purchasable","13":"product-type-simple"},"acf":[],"_links":{"self":[{"href":"https:\/\/kitsrecycling.se\/privat\/wp-json\/wp\/v2\/product\/3599","targetHints":{"allow":["GET"]}}],"collection":[{"href":"https:\/\/kitsrecycling.se\/privat\/wp-json\/wp\/v2\/product"}],"about":[{"href":"https:\/\/kitsrecycling.se\/privat\/wp-json\/wp\/v2\/types\/product"}],"wp:featuredmedia":[{"embeddable":true,"href":"https:\/\/kitsrecycling.se\/privat\/wp-json\/wp\/v2\/media\/773"}],"wp:attachment":[{"href":"https:\/\/kitsrecycling.se\/privat\/wp-json\/wp\/v2\/media?parent=3599"}],"wp:term":[{"taxonomy":"product_brand","embeddable":true,"href":"https:\/\/kitsrecycling.se\/privat\/wp-json\/wp\/v2\/product_brand?post=3599"},{"taxonomy":"product_cat","embeddable":true,"href":"https:\/\/kitsrecycling.se\/privat\/wp-json\/wp\/v2\/product_cat?post=3599"},{"taxonomy":"product_tag","embeddable":true,"href":"https:\/\/kitsrecycling.se\/privat\/wp-json\/wp\/v2\/product_tag?post=3599"}],"curies":[{"name":"wp","href":"https:\/\/api.w.org\/{rel}","templated":true}]}}