{"id":3411,"date":"2025-01-02T16:40:14","date_gmt":"2025-01-02T15:40:14","guid":{"rendered":"https:\/\/kitsrecycling.se\/privat\/?post_type=product&#038;p=3411"},"modified":"2026-03-18T08:29:30","modified_gmt":"2026-03-18T07:29:30","slug":"jordforbattrare","status":"publish","type":"product","link":"https:\/\/kitsrecycling.se\/privat\/produkt\/jordforbattrare\/","title":{"rendered":"Jordf\u00f6rb\u00e4ttrare"},"content":{"rendered":"","protected":false},"excerpt":{"rendered":"<p>En jordf\u00f6rb\u00e4ttrare \u00e4r ett material som anv\u00e4nds f\u00f6r att f\u00f6rb\u00e4ttra jordens struktur, n\u00e4ringsinneh\u00e5ll och f\u00f6rm\u00e5ga att beh\u00e5lla vatten och luft. Syftet med jordf\u00f6rb\u00e4ttring \u00e4r att skapa b\u00e4ttre f\u00f6rh\u00e5llanden f\u00f6r v\u00e4xter att v\u00e4xa och frodas. Jordf\u00f6rb\u00e4ttrare kan anv\u00e4ndas b\u00e5de i tr\u00e4dg\u00e5rdsodling och jordbruk.<\/p>\n<p>Produkten \u00e4r en best\u00e4llningsvara. Beg\u00e4r offert fr\u00e5n oss s\u00e5 \u00e5terkommer vi \u00e4ven med leveranstiden.<br \/>\n<a href=\"https:\/\/kitsrecycling.se\/privat\/wp-content\/uploads\/sites\/3\/2025\/05\/Produktdatablad-Jordforbattrare-Kits-Recycling-1.pdf\">Ladda ner produktblad<\/a><\/p>\n","protected":false},"featured_media":553,"template":"","meta":{"_acf_changed":false},"product_brand":[],"product_cat":[19],"product_tag":[],"class_list":{"0":"post-3411","1":"product","2":"type-product","3":"status-publish","4":"has-post-thumbnail","6":"product_cat-jord","7":"tm-has-options","9":"first","10":"instock","11":"shipping-taxable","12":"purchasable","13":"product-type-simple"},"acf":[],"_links":{"self":[{"href":"https:\/\/kitsrecycling.se\/privat\/wp-json\/wp\/v2\/product\/3411","targetHints":{"allow":["GET"]}}],"collection":[{"href":"https:\/\/kitsrecycling.se\/privat\/wp-json\/wp\/v2\/product"}],"about":[{"href":"https:\/\/kitsrecycling.se\/privat\/wp-json\/wp\/v2\/types\/product"}],"wp:featuredmedia":[{"embeddable":true,"href":"https:\/\/kitsrecycling.se\/privat\/wp-json\/wp\/v2\/media\/553"}],"wp:attachment":[{"href":"https:\/\/kitsrecycling.se\/privat\/wp-json\/wp\/v2\/media?parent=3411"}],"wp:term":[{"taxonomy":"product_brand","embeddable":true,"href":"https:\/\/kitsrecycling.se\/privat\/wp-json\/wp\/v2\/product_brand?post=3411"},{"taxonomy":"product_cat","embeddable":true,"href":"https:\/\/kitsrecycling.se\/privat\/wp-json\/wp\/v2\/product_cat?post=3411"},{"taxonomy":"product_tag","embeddable":true,"href":"https:\/\/kitsrecycling.se\/privat\/wp-json\/wp\/v2\/product_tag?post=3411"}],"curies":[{"name":"wp","href":"https:\/\/api.w.org\/{rel}","templated":true}]}}