{"id":1198,"date":"2024-04-26T11:37:19","date_gmt":"2024-04-26T09:37:19","guid":{"rendered":"https:\/\/privat.kits.comdeva.se\/?post_type=product&#038;p=1198"},"modified":"2025-04-01T16:32:07","modified_gmt":"2025-04-01T14:32:07","slug":"sorterade-fyllnadsmassor","status":"publish","type":"product","link":"https:\/\/kitsrecycling.se\/privat\/produkt\/sorterade-fyllnadsmassor\/","title":{"rendered":"Sorterade fyllnadsmassor"},"content":{"rendered":"","protected":false},"excerpt":{"rendered":"<p>Sorterade fyllnadsmassor \u00e4r den perfekta produkten f\u00f6r att fylla upp stora ytor med material. Massorna \u00e4r alltid testade och klassade MRR (mindre \u00e4n ringa risk). Fyll i formul\u00e4ret f\u00f6r att f\u00e5 en offert.<\/p>\n","protected":false},"featured_media":1182,"template":"","meta":{"_acf_changed":false},"product_brand":[],"product_cat":[20],"product_tag":[],"class_list":{"0":"post-1198","1":"product","2":"type-product","3":"status-publish","4":"has-post-thumbnail","6":"product_cat-fyllnadsmassor","7":"tm-has-options","9":"first","10":"instock","11":"shipping-taxable","12":"purchasable","13":"product-type-simple"},"acf":[],"_links":{"self":[{"href":"https:\/\/kitsrecycling.se\/privat\/wp-json\/wp\/v2\/product\/1198","targetHints":{"allow":["GET"]}}],"collection":[{"href":"https:\/\/kitsrecycling.se\/privat\/wp-json\/wp\/v2\/product"}],"about":[{"href":"https:\/\/kitsrecycling.se\/privat\/wp-json\/wp\/v2\/types\/product"}],"wp:featuredmedia":[{"embeddable":true,"href":"https:\/\/kitsrecycling.se\/privat\/wp-json\/wp\/v2\/media\/1182"}],"wp:attachment":[{"href":"https:\/\/kitsrecycling.se\/privat\/wp-json\/wp\/v2\/media?parent=1198"}],"wp:term":[{"taxonomy":"product_brand","embeddable":true,"href":"https:\/\/kitsrecycling.se\/privat\/wp-json\/wp\/v2\/product_brand?post=1198"},{"taxonomy":"product_cat","embeddable":true,"href":"https:\/\/kitsrecycling.se\/privat\/wp-json\/wp\/v2\/product_cat?post=1198"},{"taxonomy":"product_tag","embeddable":true,"href":"https:\/\/kitsrecycling.se\/privat\/wp-json\/wp\/v2\/product_tag?post=1198"}],"curies":[{"name":"wp","href":"https:\/\/api.w.org\/{rel}","templated":true}]}}