{"id":1181,"date":"2024-04-25T16:48:49","date_gmt":"2024-04-25T14:48:49","guid":{"rendered":"https:\/\/privat.kits.comdeva.se\/?post_type=product&#038;p=1181"},"modified":"2025-03-18T08:12:33","modified_gmt":"2025-03-18T07:12:33","slug":"osorterade-schaktmassor","status":"publish","type":"product","link":"https:\/\/kitsrecycling.se\/privat\/produkt\/osorterade-schaktmassor\/","title":{"rendered":"Osorterade schaktmassor"},"content":{"rendered":"","protected":false},"excerpt":{"rendered":"<p>Osorterade schaktmassor \u00e4r gratis att h\u00e4mta och kan levereras hem till dig eller till ditt projekt mot en fraktkostnad. Klicka p\u00e5 &#8220;beg\u00e4r offert&#8221; f\u00f6r att f\u00e5 en prisuppgift. Massorna \u00e4r testade och klassificerade MRR.<\/p>\n","protected":false},"featured_media":1182,"template":"","meta":{"_acf_changed":false},"product_brand":[],"product_cat":[20],"product_tag":[],"class_list":{"0":"post-1181","1":"product","2":"type-product","3":"status-publish","4":"has-post-thumbnail","6":"product_cat-fyllnadsmassor","7":"tm-has-options","9":"first","10":"instock","11":"shipping-taxable","12":"purchasable","13":"product-type-simple"},"acf":[],"_links":{"self":[{"href":"https:\/\/kitsrecycling.se\/privat\/wp-json\/wp\/v2\/product\/1181","targetHints":{"allow":["GET"]}}],"collection":[{"href":"https:\/\/kitsrecycling.se\/privat\/wp-json\/wp\/v2\/product"}],"about":[{"href":"https:\/\/kitsrecycling.se\/privat\/wp-json\/wp\/v2\/types\/product"}],"wp:featuredmedia":[{"embeddable":true,"href":"https:\/\/kitsrecycling.se\/privat\/wp-json\/wp\/v2\/media\/1182"}],"wp:attachment":[{"href":"https:\/\/kitsrecycling.se\/privat\/wp-json\/wp\/v2\/media?parent=1181"}],"wp:term":[{"taxonomy":"product_brand","embeddable":true,"href":"https:\/\/kitsrecycling.se\/privat\/wp-json\/wp\/v2\/product_brand?post=1181"},{"taxonomy":"product_cat","embeddable":true,"href":"https:\/\/kitsrecycling.se\/privat\/wp-json\/wp\/v2\/product_cat?post=1181"},{"taxonomy":"product_tag","embeddable":true,"href":"https:\/\/kitsrecycling.se\/privat\/wp-json\/wp\/v2\/product_tag?post=1181"}],"curies":[{"name":"wp","href":"https:\/\/api.w.org\/{rel}","templated":true}]}}