{"id":3361,"date":"2024-11-15T13:07:20","date_gmt":"2024-11-15T12:07:20","guid":{"rendered":"https:\/\/kitsrecycling.se\/privat\/?page_id=3361"},"modified":"2024-11-15T14:24:36","modified_gmt":"2024-11-15T13:24:36","slug":"nyheter","status":"publish","type":"page","link":"https:\/\/kitsrecycling.se\/privat\/nyheter\/","title":{"rendered":"Nyheter"},"content":{"rendered":"\t\t<div data-elementor-type=\"wp-page\" data-elementor-id=\"3361\" class=\"elementor elementor-3361\" data-elementor-post-type=\"page\">\n\t\t\t\t<div data-dce-background-image-url=\"https:\/\/kitsrecycling.se\/privat\/wp-content\/uploads\/sites\/3\/2024\/11\/Group-1948.png\" class=\"elementor-element elementor-element-faf5618 e-flex e-con-boxed e-con e-parent\" data-id=\"faf5618\" data-element_type=\"container\" data-settings=\"{&quot;background_background&quot;:&quot;classic&quot;}\">\n\t\t\t\t\t<div class=\"e-con-inner\">\n\t\t<div class=\"elementor-element elementor-element-8cf299c e-con-full e-flex e-con e-child\" data-id=\"8cf299c\" data-element_type=\"container\">\n\t\t\t\t<div class=\"elementor-element elementor-element-bc8bcf9 elementor-widget elementor-widget-heading\" data-id=\"bc8bcf9\" data-element_type=\"widget\" data-widget_type=\"heading.default\">\n\t\t\t\t<div class=\"elementor-widget-container\">\n\t\t\t\t\t<h1 class=\"elementor-heading-title elementor-size-default\">Nyheter<\/h1>\t\t\t\t<\/div>\n\t\t\t\t<\/div>\n\t\t\t\t<div class=\"elementor-element elementor-element-3d2d681 elementor-widget elementor-widget-text-editor\" data-id=\"3d2d681\" data-element_type=\"widget\" data-widget_type=\"text-editor.default\">\n\t\t\t\t<div class=\"elementor-widget-container\">\n\t\t\t\t\t\t\t\t\t<p>L\u00e4s om vad som h\u00e4nder p\u00e5 Kits Recycling.\u00a0<\/p>\t\t\t\t\t\t\t\t<\/div>\n\t\t\t\t<\/div>\n\t\t\t\t<\/div>\n\t\t\t\t\t<\/div>\n\t\t\t\t<\/div>\n\t\t<div class=\"elementor-element elementor-element-9267c10 e-flex e-con-boxed e-con e-parent\" data-id=\"9267c10\" data-element_type=\"container\">\n\t\t\t\t\t<div class=\"e-con-inner\">\n\t\t\t\t<div class=\"elementor-element elementor-element-56b5bad elementor-grid-2 elementor-grid-tablet-2 elementor-grid-mobile-1 elementor-widget elementor-widget-loop-grid\" data-id=\"56b5bad\" data-element_type=\"widget\" data-settings=\"{&quot;template_id&quot;:521,&quot;pagination_type&quot;:&quot;load_more_infinite_scroll&quot;,&quot;row_gap&quot;:{&quot;unit&quot;:&quot;px&quot;,&quot;size&quot;:64,&quot;sizes&quot;:[]},&quot;row_gap_mobile&quot;:{&quot;unit&quot;:&quot;px&quot;,&quot;size&quot;:48,&quot;sizes&quot;:[]},&quot;columns&quot;:2,&quot;_skin&quot;:&quot;post&quot;,&quot;columns_tablet&quot;:&quot;2&quot;,&quot;columns_mobile&quot;:&quot;1&quot;,&quot;edit_handle_selector&quot;:&quot;[data-elementor-type=\\&quot;loop-item\\&quot;]&quot;,&quot;load_more_spinner&quot;:{&quot;value&quot;:&quot;fas fa-spinner&quot;,&quot;library&quot;:&quot;fa-solid&quot;},&quot;row_gap_tablet&quot;:{&quot;unit&quot;:&quot;px&quot;,&quot;size&quot;:&quot;&quot;,&quot;sizes&quot;:[]}}\" data-widget_type=\"loop-grid.post\">\n\t\t\t\t<div class=\"elementor-widget-container\">\n\t\t\t\t\t\t\t<div class=\"elementor-loop-container elementor-grid\" role=\"list\">\n\t\t<style id=\"loop-521\">.elementor-521 .elementor-element.elementor-element-741e28e{--display:flex;--flex-direction:column;--container-widget-width:100%;--container-widget-height:initial;--container-widget-flex-grow:0;--container-widget-align-self:initial;--flex-wrap-mobile:wrap;--justify-content:space-between;--gap:24px 24px;--row-gap:24px;--column-gap:24px;--margin-top:0px;--margin-bottom:0px;--margin-left:0px;--margin-right:0px;--padding-top:0px;--padding-bottom:0px;--padding-left:0px;--padding-right:0px;}.elementor-521 .elementor-element.elementor-element-0751746{--display:flex;--gap:28px 28px;--row-gap:28px;--column-gap:28px;--margin-top:0px;--margin-bottom:0px;--margin-left:0px;--margin-right:0px;--padding-top:0px;--padding-bottom:0px;--padding-left:0px;--padding-right:0px;}.elementor-521 .elementor-element.elementor-element-49a5e6d img{width:100%;height:300px;object-fit:cover;object-position:center center;}.elementor-521 .elementor-element.elementor-element-7ee6b75{--display:flex;--gap:8px 8px;--row-gap:8px;--column-gap:8px;--margin-top:0px;--margin-bottom:0px;--margin-left:0px;--margin-right:0px;--padding-top:0px;--padding-bottom:0px;--padding-left:0px;--padding-right:0px;}.elementor-521 .elementor-element.elementor-element-08e778c .elementor-heading-title{font-family:\"Archivo\", Sans-serif;font-size:28px;font-weight:700;line-height:150%;}.elementor-521 .elementor-element.elementor-element-bc0c921{--display:flex;--flex-direction:row;--container-widget-width:calc( ( 1 - var( --container-widget-flex-grow ) ) * 100% );--container-widget-height:100%;--container-widget-flex-grow:1;--container-widget-align-self:stretch;--flex-wrap-mobile:wrap;--align-items:center;--gap:12px 12px;--row-gap:12px;--column-gap:12px;--margin-top:0px;--margin-bottom:0px;--margin-left:0px;--margin-right:0px;--padding-top:0px;--padding-bottom:0px;--padding-left:0px;--padding-right:0px;}.elementor-521 .elementor-element.elementor-element-2b7606a .elementor-heading-title{font-family:var( --e-global-typography-e6a515c-font-family ), Sans-serif;font-size:var( --e-global-typography-e6a515c-font-size );font-weight:var( --e-global-typography-e6a515c-font-weight );line-height:var( --e-global-typography-e6a515c-line-height );}.elementor-521 .elementor-element.elementor-element-380b212 > .elementor-widget-container{padding:05px 0px 0px 0px;}.elementor-521 .elementor-element.elementor-element-380b212 .elementor-icon-wrapper{text-align:center;}.elementor-521 .elementor-element.elementor-element-380b212 .elementor-icon{font-size:20px;}.elementor-521 .elementor-element.elementor-element-380b212 .elementor-icon svg{height:20px;}@media(max-width:1024px){.elementor-521 .elementor-element.elementor-element-2b7606a .elementor-heading-title{font-size:var( --e-global-typography-e6a515c-font-size );line-height:var( --e-global-typography-e6a515c-line-height );}}@media(max-width:767px){.elementor-521 .elementor-element.elementor-element-0751746{--gap:24px 24px;--row-gap:24px;--column-gap:24px;}.elementor-521 .elementor-element.elementor-element-49a5e6d img{height:221px;}.elementor-521 .elementor-element.elementor-element-08e778c .elementor-heading-title{font-size:20px;}.elementor-521 .elementor-element.elementor-element-2b7606a .elementor-heading-title{font-size:var( --e-global-typography-e6a515c-font-size );line-height:var( --e-global-typography-e6a515c-line-height );}.elementor-521 .elementor-element.elementor-element-380b212 .elementor-icon{font-size:16px;}.elementor-521 .elementor-element.elementor-element-380b212 .elementor-icon svg{height:16px;}}<\/style>\t\t<div data-elementor-type=\"loop-item\" data-elementor-id=\"521\" class=\"elementor elementor-521 e-loop-item e-loop-item-3322 post-3322 post type-post status-publish format-standard has-post-thumbnail hentry category-jord\" data-elementor-post-type=\"elementor_library\" data-custom-edit-handle=\"1\">\n\t\t\t<div class=\"elementor-element elementor-element-741e28e e-flex e-con-boxed e-con e-parent\" data-id=\"741e28e\" data-element_type=\"container\">\n\t\t\t\t\t<div class=\"e-con-inner\">\n\t\t<div class=\"elementor-element elementor-element-0751746 e-flex e-con-boxed e-con e-child\" data-id=\"0751746\" data-element_type=\"container\">\n\t\t\t\t\t<div class=\"e-con-inner\">\n\t\t\t\t<div class=\"elementor-element elementor-element-49a5e6d elementor-widget elementor-widget-theme-post-featured-image elementor-widget-image\" data-id=\"49a5e6d\" data-element_type=\"widget\" data-widget_type=\"theme-post-featured-image.default\">\n\t\t\t\t<div class=\"elementor-widget-container\">\n\t\t\t\t\t\t\t\t\t\t\t\t\t\t\t<img fetchpriority=\"high\" decoding=\"async\" width=\"700\" height=\"500\" src=\"https:\/\/kitsrecycling.se\/privat\/wp-content\/uploads\/sites\/3\/2024\/11\/Fibermull.jpg\" class=\"attachment-large size-large wp-image-3329\" alt=\"Bild p\u00e5 en planta som v\u00e4xer med orden b\u00e4ttre jord med fibermull.\" srcset=\"https:\/\/kitsrecycling.se\/privat\/wp-content\/uploads\/sites\/3\/2024\/11\/Fibermull.jpg 700w, https:\/\/kitsrecycling.se\/privat\/wp-content\/uploads\/sites\/3\/2024\/11\/Fibermull-600x429.jpg 600w, https:\/\/kitsrecycling.se\/privat\/wp-content\/uploads\/sites\/3\/2024\/11\/Fibermull-150x107.jpg 150w\" sizes=\"(max-width: 700px) 100vw, 700px\" \/>\t\t\t\t\t\t\t\t\t\t\t\t\t\t\t<\/div>\n\t\t\t\t<\/div>\n\t\t<div class=\"elementor-element elementor-element-7ee6b75 e-flex e-con-boxed e-con e-child\" data-id=\"7ee6b75\" data-element_type=\"container\">\n\t\t\t\t\t<div class=\"e-con-inner\">\n\t\t\t\t<div class=\"elementor-element elementor-element-08e778c elementor-widget elementor-widget-theme-post-title elementor-page-title elementor-widget-heading\" data-id=\"08e778c\" data-element_type=\"widget\" data-widget_type=\"theme-post-title.default\">\n\t\t\t\t<div class=\"elementor-widget-container\">\n\t\t\t\t\t<h1 class=\"elementor-heading-title elementor-size-default\">Vi byter ut torven mot fibermull<\/h1>\t\t\t\t<\/div>\n\t\t\t\t<\/div>\n\t\t\t\t<div class=\"elementor-element elementor-element-0ac4b67 elementor-widget elementor-widget-theme-post-excerpt\" data-id=\"0ac4b67\" data-element_type=\"widget\" data-widget_type=\"theme-post-excerpt.default\">\n\t\t\t\t<div class=\"elementor-widget-container\">\n\t\t\t\t\tVi stolta \u00f6ver att kunna meddela att vi ers\u00e4tter torv med fibermull i v\u00e5ra jordprodukter! \t\t\t\t<\/div>\n\t\t\t\t<\/div>\n\t\t\t\t\t<\/div>\n\t\t\t\t<\/div>\n\t\t\t\t\t<\/div>\n\t\t\t\t<\/div>\n\t\t<div data-pp-wrapper-link=\"{&quot;url&quot;:&quot;https:\\\/\\\/kitsrecycling.se\\\/privat\\\/nyheter\\\/fibermull\\\/&quot;,&quot;is_external&quot;:&quot;&quot;,&quot;nofollow&quot;:&quot;&quot;}\" class=\"pp-wrapper-link elementor-element elementor-element-bc0c921 e-flex e-con-boxed e-con e-child\" data-id=\"bc0c921\" data-element_type=\"container\">\n\t\t\t\t\t<div class=\"e-con-inner\">\n\t\t\t\t<div class=\"elementor-element elementor-element-2b7606a elementor-widget elementor-widget-heading\" data-id=\"2b7606a\" data-element_type=\"widget\" data-widget_type=\"heading.default\">\n\t\t\t\t<div class=\"elementor-widget-container\">\n\t\t\t\t\t<p class=\"elementor-heading-title elementor-size-default\">L\u00e4s mer<\/p>\t\t\t\t<\/div>\n\t\t\t\t<\/div>\n\t\t\t\t<div class=\"elementor-element elementor-element-380b212 elementor-view-default elementor-widget elementor-widget-icon\" data-id=\"380b212\" data-element_type=\"widget\" data-widget_type=\"icon.default\">\n\t\t\t\t<div class=\"elementor-widget-container\">\n\t\t\t\t\t\t\t<div class=\"elementor-icon-wrapper\">\n\t\t\t<div class=\"elementor-icon\">\n\t\t\t<svg xmlns=\"http:\/\/www.w3.org\/2000\/svg\" width=\"8\" height=\"12\" viewBox=\"0 0 8 12\" fill=\"none\"><path d=\"M1.70697 11.9496L7.41397 6.24264L1.70697 0.535645L0.292969 1.94964L4.58597 6.24264L0.292969 10.5356L1.70697 11.9496Z\" fill=\"#191A19\"><\/path><\/svg>\t\t\t<\/div>\n\t\t<\/div>\n\t\t\t\t\t\t<\/div>\n\t\t\t\t<\/div>\n\t\t\t\t\t<\/div>\n\t\t\t\t<\/div>\n\t\t\t\t\t<\/div>\n\t\t\t\t<\/div>\n\t\t\t\t<\/div>\n\t\t\t\t<\/div>\n\t\t\t\t\t<span class=\"e-load-more-spinner\">\n\t\t\t\t<svg aria-hidden=\"true\" class=\"e-font-icon-svg e-fas-spinner\" viewBox=\"0 0 512 512\" xmlns=\"http:\/\/www.w3.org\/2000\/svg\"><path d=\"M304 48c0 26.51-21.49 48-48 48s-48-21.49-48-48 21.49-48 48-48 48 21.49 48 48zm-48 368c-26.51 0-48 21.49-48 48s21.49 48 48 48 48-21.49 48-48-21.49-48-48-48zm208-208c-26.51 0-48 21.49-48 48s21.49 48 48 48 48-21.49 48-48-21.49-48-48-48zM96 256c0-26.51-21.49-48-48-48S0 229.49 0 256s21.49 48 48 48 48-21.49 48-48zm12.922 99.078c-26.51 0-48 21.49-48 48s21.49 48 48 48 48-21.49 48-48c0-26.509-21.491-48-48-48zm294.156 0c-26.51 0-48 21.49-48 48s21.49 48 48 48 48-21.49 48-48c0-26.509-21.49-48-48-48zM108.922 60.922c-26.51 0-48 21.49-48 48s21.49 48 48 48 48-21.49 48-48-21.491-48-48-48z\"><\/path><\/svg>\t\t\t<\/span>\n\t\t\n\t\t\t\t\t\t<\/div>\n\t\t\t\t<\/div>\n\t\t\t\t\t<\/div>\n\t\t\t\t<\/div>\n\t\t\t\t<\/div>\n\t\t","protected":false},"excerpt":{"rendered":"<p>Nyheter L\u00e4s om vad som h\u00e4nder p\u00e5 Kits Recycling.\u00a0<\/p>\n","protected":false},"author":1,"featured_media":0,"parent":0,"menu_order":0,"comment_status":"closed","ping_status":"closed","template":"","meta":{"_acf_changed":false,"footnotes":""},"class_list":["post-3361","page","type-page","status-publish","hentry"],"acf":[],"_links":{"self":[{"href":"https:\/\/kitsrecycling.se\/privat\/wp-json\/wp\/v2\/pages\/3361","targetHints":{"allow":["GET"]}}],"collection":[{"href":"https:\/\/kitsrecycling.se\/privat\/wp-json\/wp\/v2\/pages"}],"about":[{"href":"https:\/\/kitsrecycling.se\/privat\/wp-json\/wp\/v2\/types\/page"}],"author":[{"embeddable":true,"href":"https:\/\/kitsrecycling.se\/privat\/wp-json\/wp\/v2\/users\/1"}],"replies":[{"embeddable":true,"href":"https:\/\/kitsrecycling.se\/privat\/wp-json\/wp\/v2\/comments?post=3361"}],"version-history":[{"count":10,"href":"https:\/\/kitsrecycling.se\/privat\/wp-json\/wp\/v2\/pages\/3361\/revisions"}],"predecessor-version":[{"id":3387,"href":"https:\/\/kitsrecycling.se\/privat\/wp-json\/wp\/v2\/pages\/3361\/revisions\/3387"}],"wp:attachment":[{"href":"https:\/\/kitsrecycling.se\/privat\/wp-json\/wp\/v2\/media?parent=3361"}],"curies":[{"name":"wp","href":"https:\/\/api.w.org\/{rel}","templated":true}]}}